{"id":67,"date":"2011-04-11T12:48:08","date_gmt":"2011-04-11T10:48:08","guid":{"rendered":"https:\/\/nartesanos.citilab.eu\/?page_id=67"},"modified":"2024-04-11T12:49:05","modified_gmt":"2024-04-11T10:49:05","slug":"metodologia","status":"publish","type":"page","link":"https:\/\/nartesanos.citilab.eu\/index.php\/metodologia\/","title":{"rendered":"Metodolog\u00eda"},"content":{"rendered":"<p><img loading=\"lazy\" decoding=\"async\" class=\"alignnone  wp-image-68 aligncenter\" src=\"https:\/\/nartesanos.citilab.eu\/wp-content\/uploads\/2024\/04\/crear-objetos-300x120.jpg\" alt=\"\" width=\"395\" height=\"158\" srcset=\"https:\/\/nartesanos.citilab.eu\/wp-content\/uploads\/2024\/04\/crear-objetos-300x120.jpg 300w, https:\/\/nartesanos.citilab.eu\/wp-content\/uploads\/2024\/04\/crear-objetos.jpg 500w\" sizes=\"auto, (max-width: 395px) 100vw, 395px\" \/><\/p>\n<p><strong>Tinkering<\/strong><\/p>\n<p><strong>Jugar con tecnolog\u00eda, explorando posibilidades tocando las piezas con las manos se llama tinkering. Se puede empezar a construir sin saber exactamente qu\u00e9 ser\u00e1 el resultado: la actividad estimula la creatividad y durante el proceso se encontrar\u00e1 el objetivo. En nuestro tallers utilizamos el proceso de tinkering para aprender jugando y para generar ideas.<\/strong><\/p>\n<div>.<\/div>\n<div><strong>Compartir conocimientos con los dem\u00e1s<\/strong><\/div>\n<div>Desarrollando los proyectos los participantes aprenden a trabajar en equipos y compartir conocimientos. Hay un experto en cada persona, y cada persona puede aportar algo al equipo. Trabajando juntos aprovechamos de las habilidades de cada persona. Quiz\u00e1s es coser, o soldar, o aportar nuevas ideas, o hacer fotos de la actividad, cada participante descubrir\u00e1 su papel! La idea es que todos somos alumnos y profesores: aprendemos y ense\u00f1amos dentro un grupo multidisciplinaro.<\/div>\n<p>.<\/p>\n<p>&nbsp;<\/p>\n<div><strong>Design Thinking<\/strong><\/div>\n<div>A trav\u00e9s los proyectos de creaci\u00f3n los participantes aprenden seguir un proceso desde iniciar un proyecto a partir de una curiosidad, buscar informaci\u00f3n, generar ideas, hacer prototipos, hasta reflexionar y aprender. El componente reflexionar es importante: los participantes documentan su experiencia durante todo el proceso para profundizar el aprendizaje.<\/div>\n","protected":false},"excerpt":{"rendered":"<\/p>\n<p>Tinkering<\/p>\n<p>Jugar con tecnolog\u00eda, explorando posibilidades tocando las piezas con las manos se llama tinkering. Se puede empezar a construir sin saber exactamente qu\u00e9 ser\u00e1 el resultado: la actividad estimula la creatividad y durante el proceso se encontrar\u00e1 el objetivo. En nuestro tallers utilizamos el proceso de tinkering para aprender jugando y para generar [&#8230;]<\/p>\n","protected":false},"author":2,"featured_media":0,"parent":0,"menu_order":0,"comment_status":"closed","ping_status":"closed","template":"","meta":{"footnotes":""},"class_list":["post-67","page","type-page","status-publish","hentry","odd"],"_links":{"self":[{"href":"https:\/\/nartesanos.citilab.eu\/index.php\/wp-json\/wp\/v2\/pages\/67","targetHints":{"allow":["GET"]}}],"collection":[{"href":"https:\/\/nartesanos.citilab.eu\/index.php\/wp-json\/wp\/v2\/pages"}],"about":[{"href":"https:\/\/nartesanos.citilab.eu\/index.php\/wp-json\/wp\/v2\/types\/page"}],"author":[{"embeddable":true,"href":"https:\/\/nartesanos.citilab.eu\/index.php\/wp-json\/wp\/v2\/users\/2"}],"replies":[{"embeddable":true,"href":"https:\/\/nartesanos.citilab.eu\/index.php\/wp-json\/wp\/v2\/comments?post=67"}],"version-history":[{"count":1,"href":"https:\/\/nartesanos.citilab.eu\/index.php\/wp-json\/wp\/v2\/pages\/67\/revisions"}],"predecessor-version":[{"id":69,"href":"https:\/\/nartesanos.citilab.eu\/index.php\/wp-json\/wp\/v2\/pages\/67\/revisions\/69"}],"wp:attachment":[{"href":"https:\/\/nartesanos.citilab.eu\/index.php\/wp-json\/wp\/v2\/media?parent=67"}],"curies":[{"name":"wp","href":"https:\/\/api.w.org\/{rel}","templated":true}]}}