{"id":2,"date":"2011-04-10T17:47:13","date_gmt":"2011-04-10T15:47:13","guid":{"rendered":"http:\/\/nartesanos.citilab.eu\/?page_id=2"},"modified":"2024-04-11T12:48:04","modified_gmt":"2024-04-11T10:48:04","slug":"page-d-exemple","status":"publish","type":"page","link":"https:\/\/nartesanos.citilab.eu\/index.php\/page-d-exemple\/","title":{"rendered":"Qu\u00e9 hacemos"},"content":{"rendered":"\r\n<div class=\"post-headline\">\u00a0<\/div>\r\n<div class=\"post-bodycopy clearfix\">\r\n<p>Durante los talleres hacemos prototipos de objetos interactivos. Podremos crear desde un coj\u00edn que reproduce m\u00fasica o una l\u00e1mpara que se enciende cuando te acercas hasta un bolso que da luz cuando se abre. Mezclando las manualidades con la tecnolog\u00eda de hoy en d\u00eda vamos a trabajar como nuevos artesanos.<\/p>\r\n<p>Empezamos con proyectos sencillos. Vamos a desmontar objetos que ya existen para aprender como funcionan los objetos. Despu\u00e9s vamos a construir nuevos objetos, reciclando y manipulando las piezas. Por ejemplo, desmontamos una peque\u00f1a l\u00e1mpara para reutilizar las luces dentro un bolso. Aprovechamos de juguetes o electrodom\u00e9sticos de segunda mano para obtener resultados sorprendentes!<\/p>\r\n<p>La participaci\u00f3n en las primeras seis sesiones es gratis. Puede ser que en algunas sesiones pedimos que los participantes traigan unos materiales, dependiendo de los proyectos que escojan los participantes.<\/p>\r\n<\/div>\r\n","protected":false},"excerpt":{"rendered":"\n<p>Durante los talleres hacemos prototipos de objetos interactivos. Podremos crear desde un coj\u00edn que reproduce m\u00fasica o una l\u00e1mpara que se enciende cuando te acercas hasta un bolso que da luz cuando se abre. Mezclando las manualidades con la tecnolog\u00eda de hoy en d\u00eda vamos a trabajar como nuevos artesanos.<\/p>\n<p>Empezamos con proyectos sencillos. [&#8230;]<\/p>\n","protected":false},"author":1,"featured_media":0,"parent":0,"menu_order":0,"comment_status":"closed","ping_status":"open","template":"","meta":{"footnotes":""},"class_list":["post-2","page","type-page","status-publish","hentry","odd"],"_links":{"self":[{"href":"https:\/\/nartesanos.citilab.eu\/index.php\/wp-json\/wp\/v2\/pages\/2","targetHints":{"allow":["GET"]}}],"collection":[{"href":"https:\/\/nartesanos.citilab.eu\/index.php\/wp-json\/wp\/v2\/pages"}],"about":[{"href":"https:\/\/nartesanos.citilab.eu\/index.php\/wp-json\/wp\/v2\/types\/page"}],"author":[{"embeddable":true,"href":"https:\/\/nartesanos.citilab.eu\/index.php\/wp-json\/wp\/v2\/users\/1"}],"replies":[{"embeddable":true,"href":"https:\/\/nartesanos.citilab.eu\/index.php\/wp-json\/wp\/v2\/comments?post=2"}],"version-history":[{"count":1,"href":"https:\/\/nartesanos.citilab.eu\/index.php\/wp-json\/wp\/v2\/pages\/2\/revisions"}],"predecessor-version":[{"id":62,"href":"https:\/\/nartesanos.citilab.eu\/index.php\/wp-json\/wp\/v2\/pages\/2\/revisions\/62"}],"wp:attachment":[{"href":"https:\/\/nartesanos.citilab.eu\/index.php\/wp-json\/wp\/v2\/media?parent=2"}],"curies":[{"name":"wp","href":"https:\/\/api.w.org\/{rel}","templated":true}]}}